{"id":1099,"date":"2025-12-02T11:52:29","date_gmt":"2025-12-02T10:52:29","guid":{"rendered":"https:\/\/lafrettestudios.com\/?page_id=1099"},"modified":"2025-12-02T11:52:54","modified_gmt":"2025-12-02T10:52:54","slug":"1099-2","status":"publish","type":"page","link":"https:\/\/lafrettestudios.com\/?page_id=1099","title":{"rendered":"Terms of service"},"content":{"rendered":"<p>[et_pb_section fb_built=&#8221;1&#8243; _builder_version=&#8221;4.27.4&#8243; background_color=&#8221;gcid-6d695968-cf70-431c-bb44-f690eb33122d&#8221; background_image=&#8221;https:\/\/lafrettestudios.com\/wp-content\/uploads\/2025\/03\/AU-FG-Texture2-8K-scaled.jpg&#8221; custom_padding=&#8221;||0px|||&#8221; hover_enabled=&#8221;0&#8243; global_colors_info=&#8221;{%22gcid-6d695968-cf70-431c-bb44-f690eb33122d%22:%91%22background_color%22%93}&#8221; theme_builder_area=&#8221;post_content&#8221; sticky_enabled=&#8221;0&#8243; title_text=&#8221;AU-FG-Texture2-8K&#8221; background_repeat=&#8221;repeat&#8221; background_size=&#8221;contain&#8221;][et_pb_row _builder_version=&#8221;4.27.4&#8243; _module_preset=&#8221;default&#8221; global_colors_info=&#8221;{}&#8221; theme_builder_area=&#8221;post_content&#8221;][et_pb_column type=&#8221;4_4&#8243; _builder_version=&#8221;4.27.4&#8243; _module_preset=&#8221;default&#8221; global_colors_info=&#8221;{}&#8221; theme_builder_area=&#8221;post_content&#8221;][et_pb_text _builder_version=&#8221;4.27.4&#8243; _module_preset=&#8221;default&#8221; global_colors_info=&#8221;{}&#8221; theme_builder_area=&#8221;post_content&#8221;]<\/p>\n<h1><span style=\"color: #ffffff;\">Legal Notice<\/span><\/h1>\n<p>[\/et_pb_text][\/et_pb_column][\/et_pb_row][et_pb_row _builder_version=&#8221;4.27.4&#8243; _module_preset=&#8221;default&#8221; custom_padding=&#8221;||65px|||&#8221; global_colors_info=&#8221;{}&#8221; theme_builder_area=&#8221;post_content&#8221;][et_pb_column type=&#8221;4_4&#8243; _builder_version=&#8221;4.27.4&#8243; _module_preset=&#8221;default&#8221; global_colors_info=&#8221;{}&#8221; theme_builder_area=&#8221;post_content&#8221;][et_pb_text _builder_version=&#8221;4.27.4&#8243; _module_preset=&#8221;default&#8221; global_colors_info=&#8221;{}&#8221; theme_builder_area=&#8221;post_content&#8221;]<\/p>\n<p class=\"p1\" style=\"text-align: justify;\"><span style=\"color: #ffffff;\"><b>Article 1: object<\/b><\/span><\/p>\n<p class=\"p1\" style=\"text-align: justify;\"><span style=\"color: #ffffff;\">The present \u201cgeneral conditions of use\u201d aim at the legal framework of the methods of provision of the services of the site lafrettestudios.com and their use by the \u201cUser\u201d.<\/span><br \/><span style=\"color: #ffffff;\">The general conditions of use must be accepted by any User wishing to access the site. They constitute the contract between the site and the User. Access to the site by the User means acceptance of these terms and conditions of use.<\/span><br \/><span style=\"color: #ffffff;\">\u2022 lafrettestudios.com reserves the right to modify unilaterally and at any time the contents of these general conditions of use.<\/span><\/p>\n<p class=\"p1\" style=\"text-align: justify;\"><span style=\"color: #ffffff;\"><b>ARTICLE 2: Legal notice<\/b><\/span><\/p>\n<p class=\"p1\" style=\"text-align: justify;\"><span style=\"color: #ffffff;\">The website lafrettestudios.com is provided by La Frette Studios SARL with a capital of 392,600.00 \u20ac whose head office is located at 10 rue Jean Lefebvre 95530 La Frette sur Seine<\/span><\/p>\n<p class=\"p1\" style=\"text-align: justify;\"><span style=\"color: #ffffff;\">The Director of the publication is Olivier Bloch Lain\u00e9.<\/span><\/p>\n<p class=\"p1\" style=\"text-align: justify;\"><span style=\"color: #ffffff;\">The host of the lafrettestudios.com website is Soci\u00e9t\u00e9 Bluehost, whose head office is located at 10 Corporate Drive, Suite # 300 Burlington, MA 01803, (telephone: +1 (855) 803-8158)<\/span><\/p>\n<p class=\"p1\" style=\"text-align: justify;\"><span style=\"color: #ffffff;\"><b>ARTICLE 3: Definitions<\/b><\/span><\/p>\n<p class=\"p1\" style=\"text-align: justify;\"><span style=\"color: #ffffff;\">The purpose of this clause is to define the various essential terms of the contract:<\/span><br \/><span style=\"color: #ffffff;\">\u2022 User: this term refers to any person who uses the site or any of the services offered by the site.<\/span><br \/><span style=\"color: #ffffff;\">\u2022 User content: these are the data transmitted by the User within the site.<\/span><br \/><span style=\"color: #ffffff;\">\u2022 Member: the User becomes a member when he is identified on the site.<\/span><br \/><span style=\"color: #ffffff;\">\u2022 Username and password: this is all the information necessary to identify a User on the site. The username and password allow the User to access services reserved for members of the site. The password is confidential.<\/span><\/p>\n<p class=\"p1\" style=\"text-align: justify;\"><span style=\"color: #ffffff;\"><b>ARTICLE 4: Access to services<\/b><\/span><\/p>\n<p class=\"p1\" style=\"text-align: justify;\"><span style=\"color: #ffffff;\">The site allows the User free access to the following services:<\/span><br \/><span style=\"color: #ffffff;\">\u2022 Information about the studio<\/span><br \/><span style=\"color: #ffffff;\">\u2022 Read articles about artists<\/span><br \/><span style=\"color: #ffffff;\">\u2022 Make contact with the studio<\/span><\/p>\n<p class=\"p1\" style=\"text-align: justify;\"><span style=\"color: #ffffff;\">The site is accessible free of charge anywhere to any User having access to the Internet. All costs incurred by the User to access the service (hardware, software, Internet connection, etc.) are at his expense.<\/span><\/p>\n<p class=\"p1\" style=\"text-align: justify;\"><span style=\"color: #ffffff;\">The site implements all the means at its disposal to ensure quality access to its services. The obligation being of means, the site does not undertake to reach this result.<\/span><\/p>\n<p class=\"p1\" style=\"text-align: justify;\"><span style=\"color: #ffffff;\">Any event due to a case of force majeure resulting in a malfunction of the network or the server does not engage the responsibility of lafrettestudios.com.<\/span><\/p>\n<p class=\"p1\" style=\"text-align: justify;\"><span style=\"color: #ffffff;\">Access to the services of the site may be subject to interruption, suspension, modification without notice for maintenance or any other case at any time. The User undertakes not to claim any compensation following the interruption, the suspension or the modification of this contract.<\/span><br \/><span style=\"color: #ffffff;\">The User can contact the site by email at studio@lafrette.com.<\/span><\/p>\n<p class=\"p1\" style=\"text-align: justify;\"><span style=\"color: #ffffff;\"><b>ARTICLE 5: Intellectual Property<\/b><\/span><\/p>\n<p class=\"p1\" style=\"text-align: justify;\"><span style=\"color: #ffffff;\">The trademarks, logos, signs and other content of the site are protected by the Code of Intellectual Property and more specifically by copyright.<\/span><br \/><span style=\"color: #ffffff;\">The User requests the prior authorization of the site for any reproduction, publication, copy of the various contents.<\/span><br \/><span style=\"color: #ffffff;\">The User agrees to use the contents of the site in a strictly private setting. Use of the content for commercial purposes is strictly prohibited.<\/span><br \/><span style=\"color: #ffffff;\">Any content posted by the User is his sole responsibility. The User agrees not to put on line content that may affect the interests of third parties. Any legal action brought by an injured third party against the site will be borne by the User.<\/span><br \/><span style=\"color: #ffffff;\">The content of the User may be at any time and for any reason deleted or modified by the site. The User receives no justification and notification prior to the deletion or modification of the User Content.<\/span><\/p>\n<p class=\"p1\" style=\"text-align: justify;\"><span style=\"color: #ffffff;\"><b>ARTICLE 6: Personal Data<\/b><\/span><\/p>\n<p class=\"p1\" style=\"text-align: justify;\"><span style=\"color: #ffffff;\">For further information regarding the use of personal data by the Service Provider, please read carefully the Privacy Policy (the \u201cCharter\u201d). You can at any time consult this Charter on the Site\u00a0<a href=\"https:\/\/lafrettestudios.com\/?page_id=1588&amp;preview=true\" style=\"color: #ffffff;\"><span class=\"s1\">https:\/\/lafrettestudios.com\/privacy-policy\/<\/span><\/a>.<\/span><\/p>\n<p class=\"p1\" style=\"text-align: justify;\"><span style=\"color: #ffffff;\"><b>ARTICLE 7: Liability and force majeure<\/b><\/span><\/p>\n<p class=\"p1\" style=\"text-align: justify;\"><span style=\"color: #ffffff;\">The sources of information disseminated on the site are deemed reliable. However, the site reserves the faculty of a non-guarantee of the reliability of the sources. The information given on the site is for informational purposes only. Thus, the User assumes sole responsibility for the use of the information and contents of this site.<\/span><\/p>\n<p class=\"p1\" style=\"text-align: justify;\"><span style=\"color: #ffffff;\">The User makes sure to keep his password secret. Any disclosure of the password, regardless of its form, is prohibited.<\/span><\/p>\n<p class=\"p1\" style=\"text-align: justify;\"><span style=\"color: #ffffff;\">The User assumes the risks related to the use of his username and password. The site declines all responsibility.<\/span><\/p>\n<p class=\"p1\" style=\"text-align: justify;\"><span style=\"color: #ffffff;\">Any use of the service by the User directly or indirectly resulting in damage must be compensated for the benefit of the site. An optimal guarantee of the security and the confidentiality of the transmitted data is not ensured by the site.<\/span><\/p>\n<p class=\"p1\" style=\"text-align: justify;\"><span style=\"color: #ffffff;\">However, the site is committed to implementing all necessary means to best guarantee the security and confidentiality of data.<\/span><\/p>\n<p class=\"p1\" style=\"text-align: justify;\"><span style=\"color: #ffffff;\">The responsibility of the site can not be committed in case of force majeure or the unpredictable and insurmountable fact of a third.<\/span><\/p>\n<p class=\"p1\" style=\"text-align: justify;\"><span style=\"color: #ffffff;\"><b>ARTICLE 8: Hypertext links<\/b><\/span><\/p>\n<p class=\"p1\" style=\"text-align: justify;\"><span style=\"color: #ffffff;\">Many outgoing hypertext links are present on the site, however the web pages where lead these links do not engage the responsibility of lafrettestudios.com who does not have the control of these links.<\/span><\/p>\n<p class=\"p1\" style=\"text-align: justify;\"><span style=\"color: #ffffff;\">The User is therefore prohibited to engage the responsibility of the site concerning the content and the resources relating to these outgoing hypertext links.<\/span><\/p>\n<p class=\"p1\" style=\"text-align: justify;\"><span style=\"color: #ffffff;\"><b>ARTICLE 9: Evolution of the contract<\/b><\/span><\/p>\n<p class=\"p1\" style=\"text-align: justify;\"><span style=\"color: #ffffff;\">The site reserves the right at any time to modify the clauses stipulated in this contract.<\/span><\/p>\n<p class=\"p1\" style=\"text-align: justify;\"><span style=\"color: #ffffff;\"><b>ARTICLE 10: Duration<\/b><\/span><\/p>\n<p class=\"p1\" style=\"text-align: justify;\"><span style=\"color: #ffffff;\">The duration of this contract is indefinite. The contract has effect with respect to the User from the use of the service.<\/span><\/p>\n<p class=\"p1\" style=\"text-align: justify;\"><span style=\"color: #ffffff;\"><b>ARTICLE 11: Applicable Law and Jurisdiction<\/b><\/span><\/p>\n<p class=\"p1\" style=\"text-align: justify;\"><span style=\"color: #ffffff;\">French law applies to this contract. In case of absence of amicable resolution of a dispute born between the parties, only the courts of Cergy-Pontoise are competent.<\/span><\/p>\n<p class=\"p2\" style=\"text-align: justify;\"><span style=\"color: #ffffff;\"><b>Fran\u00e7ais :<\/b><\/span><\/p>\n<p class=\"p1\" style=\"text-align: justify;\"><strong><span style=\"color: #ffffff;\">ARTICLE 1 : Objet<\/span><\/strong><\/p>\n<p class=\"p1\" style=\"text-align: justify;\"><span style=\"color: #ffffff;\">Les pr\u00e9sentes \u00ab conditions g\u00e9n\u00e9rales d\u2019utilisation \u00bb ont pour objet l\u2019encadrement juridique des modalit\u00e9s de mise \u00e0 disposition des services du site lafrettestudios.com et leur utilisation par \u00ab l\u2019Utilisateur \u00bb.<\/span><br \/><span style=\"color: #ffffff;\">Les conditions g\u00e9n\u00e9rales d\u2019utilisation doivent \u00eatre accept\u00e9es par tout Utilisateur souhaitant acc\u00e9der au site. Elles constituent le contrat entre le site et l\u2019Utilisateur. L\u2019acc\u00e8s au site par l\u2019Utilisateur signifie son acceptation des pr\u00e9sentes conditions g\u00e9n\u00e9rales d\u2019utilisation.<\/span><br \/><span style=\"color: #ffffff;\">\u2022 lafrettestudios.com se r\u00e9serve le droit de modifier unilat\u00e9ralement et \u00e0 tout moment le contenu des pr\u00e9sentes conditions g\u00e9n\u00e9rales d\u2019utilisation.<\/span><\/p>\n<p class=\"p1\" style=\"text-align: justify;\"><strong><span style=\"color: #ffffff;\">ARTICLE 2 : Mentions l\u00e9gales<\/span><\/strong><\/p>\n<p class=\"p1\" style=\"text-align: justify;\"><span style=\"color: #ffffff;\">L\u2019\u00e9dition du site lafrettestudios.com est assur\u00e9e par la Soci\u00e9t\u00e9 La Frette Studios SARL au capital de 392 600,00 \u20ac dont le si\u00e8ge social est situ\u00e9 au 10 rue Jean Lefebvre 95530 La Frette sur Seine<\/span><br \/><span style=\"color: #ffffff;\">Le Directeur de la publication est Olivier Bloch Lain\u00e9 .<\/span><br \/><span style=\"color: #ffffff;\">L\u2019h\u00e9bergeur du site lafrettestudios.com est la Soci\u00e9t\u00e9 Bluehost dont le si\u00e8ge social est situ\u00e9 au 10 Corporate Drive, Suite #300 Burlington, MA 01803, (t\u00e9l\u00e9phone : +1 (855) 803-8158)<\/span><\/p>\n<p class=\"p1\" style=\"text-align: justify;\"><strong><span style=\"color: #ffffff;\">ARTICLE 3 : D\u00e9finitions<\/span><\/strong><\/p>\n<p class=\"p1\" style=\"text-align: justify;\"><span style=\"color: #ffffff;\">La pr\u00e9sente clause a pour objet de d\u00e9finir les diff\u00e9rents termes essentiels du contrat :<\/span><br \/><span style=\"color: #ffffff;\">\u2022 Utilisateur : ce terme d\u00e9signe toute personne qui utilise le site ou l\u2019un des services propos\u00e9s par le site.<\/span><br \/><span style=\"color: #ffffff;\">\u2022 Contenu utilisateur : ce sont les donn\u00e9es transmises par l\u2019Utilisateur au sein du site.<\/span><br \/><span style=\"color: #ffffff;\">\u2022 Membre : l\u2019Utilisateur devient membre lorsqu\u2019il est identifi\u00e9 sur le site.<\/span><br \/><span style=\"color: #ffffff;\">\u2022 Identifiant et mot de passe : c\u2019est l\u2019ensemble des informations n\u00e9cessaires \u00e0 l\u2019identification d\u2019un Utilisateur sur le site. L\u2019identifiant et le mot de passe permettent \u00e0 l\u2019Utilisateur d\u2019acc\u00e9der \u00e0 des services r\u00e9serv\u00e9s aux membres du site. Le mot de passe est confidentiel.<\/span><\/p>\n<p class=\"p1\" style=\"text-align: justify;\"><strong><span style=\"color: #ffffff;\">ARTICLE 4 : acc\u00e8s aux services<\/span><\/strong><\/p>\n<p class=\"p1\" style=\"text-align: justify;\"><span style=\"color: #ffffff;\">Le site permet \u00e0 l\u2019Utilisateur un acc\u00e8s gratuit aux services suivants :<\/span><br \/><span style=\"color: #ffffff;\">\u2022 Informations concernant le studio<\/span><br \/><span style=\"color: #ffffff;\">\u2022 Lire les articles \u00e0 propos des artistes<\/span><br \/><span style=\"color: #ffffff;\">\u2022 Prendre contact avec le studio<\/span><br \/><span style=\"color: #ffffff;\">Le site est accessible gratuitement en tout lieu \u00e0 tout Utilisateur ayant un acc\u00e8s \u00e0 Internet. Tous les frais support\u00e9s par l\u2019Utilisateur pour acc\u00e9der au service (mat\u00e9riel informatique, logiciels, connexion Internet, etc.) sont \u00e0 sa charge.<\/span><br \/><span style=\"color: #ffffff;\">Le site met en \u0153uvre tous les moyens mis \u00e0 sa disposition pour assurer un acc\u00e8s de qualit\u00e9 \u00e0 ses services. L\u2019obligation \u00e9tant de moyens, le site ne s\u2019engage pas \u00e0 atteindre ce r\u00e9sultat.<\/span><br \/><span style=\"color: #ffffff;\">Tout \u00e9v\u00e9nement d\u00fb \u00e0 un cas de force majeure ayant pour cons\u00e9quence un dysfonctionnement du r\u00e9seau ou du serveur n\u2019engage pas la responsabilit\u00e9 de lafrettestudios.com.<\/span><br \/><span style=\"color: #ffffff;\">L\u2019acc\u00e8s aux services du site peut \u00e0 tout moment faire l\u2019objet d\u2019une interruption, d\u2019une suspension, d\u2019une modification sans pr\u00e9avis pour une maintenance ou pour tout autre cas. L\u2019Utilisateur s\u2019oblige \u00e0 ne r\u00e9clamer aucune indemnisation suite \u00e0 l\u2019interruption, \u00e0 la suspension ou \u00e0 la modification du pr\u00e9sent contrat.<\/span><br \/><span style=\"color: #ffffff;\">L\u2019Utilisateur a la possibilit\u00e9 de contacter le site par messagerie \u00e9lectronique \u00e0 l\u2019adresse studio@lafrette.com.<\/span><\/p>\n<p class=\"p1\" style=\"text-align: justify;\"><strong><span style=\"color: #ffffff;\">ARTICLE 5 : Propri\u00e9t\u00e9 intellectuelle<\/span><\/strong><\/p>\n<p class=\"p1\" style=\"text-align: justify;\"><span style=\"color: #ffffff;\">Les marques, logos, signes et tout autre contenu du site font l\u2019objet d\u2019une protection par le Code de la propri\u00e9t\u00e9 intellectuelle et plus particuli\u00e8rement par le droit d\u2019auteur.<\/span><br \/><span style=\"color: #ffffff;\">L\u2019Utilisateur sollicite l\u2019autorisation pr\u00e9alable du site pour toute reproduction, publication, copie des diff\u00e9rents contenus.<\/span><br \/><span style=\"color: #ffffff;\">L\u2019Utilisateur s\u2019engage \u00e0 une utilisation des contenus du site dans un cadre strictement priv\u00e9. Une utilisation des contenus \u00e0 des fins commerciales est strictement interdite.<\/span><br \/><span style=\"color: #ffffff;\">Tout contenu mis en ligne par l\u2019Utilisateur est de sa seule responsabilit\u00e9. L\u2019Utilisateur s\u2019engage \u00e0 ne pas mettre en ligne de contenus pouvant porter atteinte aux int\u00e9r\u00eats de tierces personnes. Tout recours en justice engag\u00e9 par un tiers l\u00e9s\u00e9 contre le site sera pris en charge par l\u2019Utilisateur.<\/span><br \/><span style=\"color: #ffffff;\">Le contenu de l\u2019Utilisateur peut \u00eatre \u00e0 tout moment et pour n\u2019importe quelle raison supprim\u00e9 ou modifi\u00e9 par le site. L\u2019Utilisateur ne re\u00e7oit aucune justification et notification pr\u00e9alablement \u00e0 la suppression ou \u00e0 la modification du contenu Utilisateur.<\/span><\/p>\n<p class=\"p1\" style=\"text-align: justify;\"><strong><span style=\"color: #ffffff;\">ARTICLE 6 : Donn\u00e9es personnelles<\/span><\/strong><\/p>\n<p class=\"p1\" style=\"text-align: justify;\"><span style=\"color: #ffffff;\">Pour davantage d\u2019informations concernant l\u2019utilisation de donn\u00e9es \u00e0 caract\u00e8re personnel par le Prestataire, veuillez lire attentivement la Charte sur le respect de la vie priv\u00e9e (la \u00abCharte\u00bb). Vous pouvez \u00e0 tout moment consulter cette Charte sur le Site\u00a0<a href=\"https:\/\/lafrettestudios.com\/?page_id=1588&amp;preview=true\" style=\"color: #ffffff;\"><span class=\"s1\">https:\/\/lafrettestudios.com\/privacy-policy\/<\/span><\/a>.<\/span><\/p>\n<p class=\"p1\" style=\"text-align: justify;\"><strong><span style=\"color: #ffffff;\">ARTICLE 7 : Responsabilit\u00e9 et force majeure<\/span><\/strong><\/p>\n<p class=\"p1\" style=\"text-align: justify;\"><span style=\"color: #ffffff;\">Les sources des informations diffus\u00e9es sur le site sont r\u00e9put\u00e9es fiables. Toutefois, le site se r\u00e9serve la facult\u00e9 d\u2019une non-garantie de la fiabilit\u00e9 des sources. Les informations donn\u00e9es sur le site le sont \u00e0 titre purement informatif. Ainsi, l\u2019Utilisateur assume seul l\u2019enti\u00e8re responsabilit\u00e9 de l\u2019utilisation des informations et contenus du pr\u00e9sent site.<\/span><br \/><span style=\"color: #ffffff;\">L\u2019Utilisateur s\u2019assure de garder son mot de passe secret. Toute divulgation du mot de passe, quelle que soit sa forme, est interdite.<\/span><br \/><span style=\"color: #ffffff;\">L\u2019Utilisateur assume les risques li\u00e9s \u00e0 l\u2019utilisation de son identifiant et mot de passe. Le site d\u00e9cline toute responsabilit\u00e9.<\/span><br \/><span style=\"color: #ffffff;\">Tout usage du service par l\u2019Utilisateur ayant directement ou indirectement pour cons\u00e9quence des dommages doit faire l\u2019objet d\u2019une indemnisation au profit du site.<\/span><br \/><span style=\"color: #ffffff;\">Une garantie optimale de la s\u00e9curit\u00e9 et de la confidentialit\u00e9 des donn\u00e9es transmises n\u2019est pas assur\u00e9e par le site. Toutefois, le site s\u2019engage \u00e0 mettre en \u0153uvre tous les moyens n\u00e9cessaires afin de garantir au mieux la s\u00e9curit\u00e9 et la confidentialit\u00e9 des donn\u00e9es.<\/span><br \/><span style=\"color: #ffffff;\">La responsabilit\u00e9 du site ne peut \u00eatre engag\u00e9e en cas de force majeure ou du fait impr\u00e9visible et insurmontable d\u2019un tiers.<\/span><\/p>\n<p class=\"p1\" style=\"text-align: justify;\"><strong><span style=\"color: #ffffff;\">ARTICLE 8 : Liens hypertextes<\/span><\/strong><\/p>\n<p class=\"p1\" style=\"text-align: justify;\"><span style=\"color: #ffffff;\">De nombreux liens hypertextes sortants sont pr\u00e9sents sur le site, cependant les pages web o\u00f9 m\u00e8nent ces liens n\u2019engagent en rien la responsabilit\u00e9 de lafrettestudios.com qui n\u2019a pas le contr\u00f4le de ces liens.<\/span><br \/><span style=\"color: #ffffff;\">L\u2019Utilisateur s\u2019interdit donc \u00e0 engager la responsabilit\u00e9 du site concernant le contenu et les ressources relatives \u00e0 ces liens hypertextes sortants.<\/span><\/p>\n<p class=\"p1\" style=\"text-align: justify;\"><strong><span style=\"color: #ffffff;\">ARTICLE 9 : \u00c9volution du contrat<\/span><\/strong><\/p>\n<p class=\"p1\" style=\"text-align: justify;\"><span style=\"color: #ffffff;\">Le site se r\u00e9serve \u00e0 tout moment le droit de modifier les clauses stipul\u00e9es dans le pr\u00e9sent contrat.<\/span><\/p>\n<p class=\"p1\" style=\"text-align: justify;\"><strong><span style=\"color: #ffffff;\">ARTICLE 10 : Dur\u00e9e<\/span><\/strong><\/p>\n<p class=\"p1\" style=\"text-align: justify;\"><span style=\"color: #ffffff;\">La dur\u00e9e du pr\u00e9sent contrat est ind\u00e9termin\u00e9e. Le contrat produit ses effets \u00e0 l\u2019\u00e9gard de l\u2019Utilisateur \u00e0 compter de l\u2019utilisation du service.<\/span><\/p>\n<p class=\"p1\" style=\"text-align: justify;\"><strong><span style=\"color: #ffffff;\">ARTICLE 11 : Droit applicable et juridiction comp\u00e9tente<\/span><\/strong><\/p>\n<p class=\"p1\" style=\"text-align: justify;\"><span style=\"color: #ffffff;\">La l\u00e9gislation fran\u00e7aise s\u2019applique au pr\u00e9sent contrat. En cas d\u2019absence de r\u00e9solution amiable d\u2019un litige n\u00e9 entre les parties, seuls les tribunaux de Cergy-Pontoise sont comp\u00e9tents.<\/span><\/p>\n<p>[\/et_pb_text][\/et_pb_column][\/et_pb_row][\/et_pb_section]<\/p>\n","protected":false},"excerpt":{"rendered":"<p>Legal NoticeArticle 1: object The present \u201cgeneral conditions of use\u201d aim at the legal framework of the methods of provision of the services of the site lafrettestudios.com and their use by the \u201cUser\u201d.The general conditions of use must be accepted by any User wishing to access the site. They constitute the contract between the site [&hellip;]<\/p>\n","protected":false},"author":1,"featured_media":0,"parent":0,"menu_order":0,"comment_status":"closed","ping_status":"closed","template":"","meta":{"_et_pb_use_builder":"on","_et_pb_old_content":"","_et_gb_content_width":"","footnotes":""},"class_list":["post-1099","page","type-page","status-publish","hentry"],"_links":{"self":[{"href":"https:\/\/lafrettestudios.com\/index.php?rest_route=\/wp\/v2\/pages\/1099","targetHints":{"allow":["GET"]}}],"collection":[{"href":"https:\/\/lafrettestudios.com\/index.php?rest_route=\/wp\/v2\/pages"}],"about":[{"href":"https:\/\/lafrettestudios.com\/index.php?rest_route=\/wp\/v2\/types\/page"}],"author":[{"embeddable":true,"href":"https:\/\/lafrettestudios.com\/index.php?rest_route=\/wp\/v2\/users\/1"}],"replies":[{"embeddable":true,"href":"https:\/\/lafrettestudios.com\/index.php?rest_route=%2Fwp%2Fv2%2Fcomments&post=1099"}],"version-history":[{"count":4,"href":"https:\/\/lafrettestudios.com\/index.php?rest_route=\/wp\/v2\/pages\/1099\/revisions"}],"predecessor-version":[{"id":1105,"href":"https:\/\/lafrettestudios.com\/index.php?rest_route=\/wp\/v2\/pages\/1099\/revisions\/1105"}],"wp:attachment":[{"href":"https:\/\/lafrettestudios.com\/index.php?rest_route=%2Fwp%2Fv2%2Fmedia&parent=1099"}],"curies":[{"name":"wp","href":"https:\/\/api.w.org\/{rel}","templated":true}]}}