{"id":1091,"date":"2025-12-02T11:37:38","date_gmt":"2025-12-02T10:37:38","guid":{"rendered":"https:\/\/lafrettestudios.com\/?page_id=1091"},"modified":"2025-12-02T11:54:17","modified_gmt":"2025-12-02T10:54:17","slug":"1091-2","status":"publish","type":"page","link":"https:\/\/lafrettestudios.com\/?page_id=1091","title":{"rendered":"Legal Notice"},"content":{"rendered":"<p>[et_pb_section fb_built=&#8221;1&#8243; _builder_version=&#8221;4.27.4&#8243; background_color=&#8221;gcid-6d695968-cf70-431c-bb44-f690eb33122d&#8221; background_image=&#8221;https:\/\/lafrettestudios.com\/wp-content\/uploads\/2025\/03\/AU-FG-Texture1-8K-scaled.jpg&#8221; custom_padding=&#8221;||0px|||&#8221; hover_enabled=&#8221;0&#8243; global_colors_info=&#8221;{%22gcid-6d695968-cf70-431c-bb44-f690eb33122d%22:%91%22background_color%22%93}&#8221; title_text=&#8221;AU-FG-Texture1-8K&#8221; background_size=&#8221;contain&#8221; background_repeat=&#8221;repeat&#8221; sticky_enabled=&#8221;0&#8243;][et_pb_row _builder_version=&#8221;4.27.4&#8243; _module_preset=&#8221;default&#8221; global_colors_info=&#8221;{}&#8221;][et_pb_column type=&#8221;4_4&#8243; _builder_version=&#8221;4.27.4&#8243; _module_preset=&#8221;default&#8221; global_colors_info=&#8221;{}&#8221;][et_pb_text _builder_version=&#8221;4.27.4&#8243; _module_preset=&#8221;default&#8221; global_colors_info=&#8221;{}&#8221;]<\/p>\n<h1><span style=\"color: #ffffff;\">Legal Notice<\/span><\/h1>\n<p>[\/et_pb_text][\/et_pb_column][\/et_pb_row][et_pb_row _builder_version=&#8221;4.27.4&#8243; _module_preset=&#8221;default&#8221; custom_padding=&#8221;||65px|||&#8221; global_colors_info=&#8221;{}&#8221;][et_pb_column type=&#8221;4_4&#8243; _builder_version=&#8221;4.27.4&#8243; _module_preset=&#8221;default&#8221; global_colors_info=&#8221;{}&#8221;][et_pb_text _builder_version=&#8221;4.27.4&#8243; _module_preset=&#8221;default&#8221; global_colors_info=&#8221;{}&#8221;]<\/p>\n<p style=\"text-align: justify;\"><span style=\"color: #ffffff;\">In accordance with the provisions of the law n \u00b0 2004-575 of June 21, 2004 for the confidence in the digital economy, it is clear to the users of the site The Frette Studios the identity of the various contributors within the framework of its realization and its follow-up.<\/span><\/p>\n<p style=\"text-align: justify;\"><strong><span style=\"color: #ffffff;\">Edition of the site<\/span><\/strong><\/p>\n<p style=\"text-align: justify;\"><span style=\"color: #ffffff;\">This site, accessible at the URL https:\/\/lafrettestudios.com\/adiwip\/ (the \u201cSite\u201c), is published by:<\/span><\/p>\n<p style=\"text-align: justify;\"><span style=\"color: #ffffff;\">Frette Studios, SARL with a capital of 392,600.00 euros, registered with the Cergy Pontoise RCS under number 32056573200015 whose head office is located at 10 rue Jean Lefebvre 95530 La Frette Sur Seine, represented by Olivier Bloch Lain\u00e9 duly authorized,<\/span><\/p>\n<p style=\"text-align: justify;\"><span style=\"color: #ffffff;\">The individual VAT number of the Operator is: FR20320565732<\/span><\/p>\n<p style=\"text-align: justify;\"><strong><span style=\"color: #ffffff;\">Accommodation<\/span><\/strong><\/p>\n<p style=\"text-align: justify;\"><span style=\"color: #ffffff;\">The Site is hosted by o2switch, Siret : 510 909 807 00032, RCS Clermont Ferrand<\/span><\/p>\n<p style=\"text-align: justify;\"><strong><span style=\"color: #ffffff;\">Publication director<\/span><\/strong><\/p>\n<p style=\"text-align: justify;\"><span style=\"color: #ffffff;\">The Director of the publication of the Site is Olivier Bloch Lain\u00e9<\/span><\/p>\n<p style=\"text-align: justify;\"><strong><span style=\"color: #ffffff;\">Contact us<\/span><\/strong><\/p>\n<p style=\"text-align: justify;\"><span style=\"color: #ffffff;\">By phone: 01 39 78 04 33<\/span><br \/><span style=\"color: #ffffff;\">By email: studios@lafrette.com<\/span><br \/><span style=\"color: #ffffff;\">By mail: 10 rue Jean Lefebvre 95530 La Frette sur Seine<\/span><\/p>\n<p style=\"text-align: justify;\"><strong><span style=\"color: #ffffff;\">Personal data<\/span><\/strong><\/p>\n<p style=\"text-align: justify;\"><span style=\"color: #ffffff;\">The processing of your personal data is governed by our Privacy Policy https:\/\/lafrettestudios.com\/adiwip\/privacy-policy\/ in accordance with the General Regulation on Data Protection 2016\/679 of 27 April 2016 (\u201cGDPR\u201d).<\/span><\/p>\n<p style=\"text-align: justify;\"><span style=\"color: #ffffff;\"><\/span><\/p>\n<p style=\"text-align: justify;\"><strong><span style=\"color: #ffffff;\">Fran\u00e7ais :\u00a0<\/span><\/strong><\/p>\n<p style=\"text-align: justify;\"><span style=\"color: #ffffff;\">Conform\u00e9ment aux dispositions de la loi n\u00b0 2004-575 du 21 juin 2004 pour la confiance en l\u2019\u00e9conomie num\u00e9rique, il est pr\u00e9cis\u00e9 aux utilisateurs du site La Frette Studios l\u2019identit\u00e9 des diff\u00e9rents intervenants dans le cadre de sa r\u00e9alisation et de son suivi.<\/span><\/p>\n<p style=\"text-align: justify;\"><strong><span style=\"color: #ffffff;\">Edition du site<\/span><\/strong><\/p>\n<p style=\"text-align: justify;\"><span style=\"color: #ffffff;\">Le pr\u00e9sent site, accessible \u00e0 l\u2019URL https:\/\/lafrettestudios.com\/adiwip\/ (le \u00ab Site \u00bb), est \u00e9dit\u00e9 par :<\/span><\/p>\n<p style=\"text-align: justify;\"><span style=\"color: #ffffff;\">La Frette Studios, SARL au capital de 392 600,00 euros, inscrite au R.C.S. de Cergy Pontoise sous le num\u00e9ro 32056573200015 dont le si\u00e8ge social est situ\u00e9 au 10 rue Jean Lefebvre 95530 La Frette Sur Seine, repr\u00e9sent\u00e9(e) par Olivier Bloch Lain\u00e9 d\u00fbment habilit\u00e9,<\/span><\/p>\n<p style=\"text-align: justify;\"><span style=\"color: #ffffff;\">Le num\u00e9ro individuel TVA de l\u2019Exploitant est : FR20320565732<\/span><\/p>\n<p style=\"text-align: justify;\"><strong><span style=\"color: #ffffff;\">H\u00e9bergement<\/span><\/strong><\/p>\n<p style=\"text-align: justify;\"><span style=\"color: #ffffff;\">Le Site est h\u00e9berg\u00e9 par la soci\u00e9t\u00e9 o2switch, Siret : 510 909 807 00032, RCS Clermont Ferrand<\/span><\/p>\n<p style=\"text-align: justify;\"><strong><span style=\"color: #ffffff;\">Directeur de publication<\/span><\/strong><\/p>\n<p style=\"text-align: justify;\"><span style=\"color: #ffffff;\">Le Directeur de la publication du Site est Olivier Bloch Lain\u00e9<\/span><\/p>\n<p style=\"text-align: justify;\"><strong><span style=\"color: #ffffff;\">Nous contacter<\/span><\/strong><\/p>\n<p style=\"text-align: justify;\"><span style=\"color: #ffffff;\">Par t\u00e9l\u00e9phone : 01 39 78 04 33<\/span><br \/><span style=\"color: #ffffff;\">Par email : studios@lafrette.com<\/span><br \/><span style=\"color: #ffffff;\">Par courrier : 10 rue Jean Lefebvre 95530 La Frette sur Seine<\/span><\/p>\n<p style=\"text-align: justify;\"><strong><span style=\"color: #ffffff;\">Donn\u00e9es personnelles<\/span><\/strong><\/p>\n<p style=\"text-align: justify;\"><span style=\"color: #ffffff;\">Le traitement de vos donn\u00e9es \u00e0 caract\u00e8re personnel est r\u00e9gi par notre Charte du respect de la vie priv\u00e9e https:\/\/lafrettestudios.com\/adiwip\/privacy-policy\/conform\u00e9ment au R\u00e8glement G\u00e9n\u00e9ral sur la Protection des Donn\u00e9es 2016\/679 du 27 avril 2016 (\u00ab RGPD \u00bb).<\/span><\/p>\n<p>[\/et_pb_text][\/et_pb_column][\/et_pb_row][\/et_pb_section]<\/p>\n","protected":false},"excerpt":{"rendered":"<p>Legal NoticeIn accordance with the provisions of the law n \u00b0 2004-575 of June 21, 2004 for the confidence in the digital economy, it is clear to the users of the site The Frette Studios the identity of the various contributors within the framework of its realization and its follow-up. Edition of the site This [&hellip;]<\/p>\n","protected":false},"author":1,"featured_media":0,"parent":0,"menu_order":0,"comment_status":"closed","ping_status":"closed","template":"","meta":{"_et_pb_use_builder":"on","_et_pb_old_content":"","_et_gb_content_width":"","footnotes":""},"class_list":["post-1091","page","type-page","status-publish","hentry"],"_links":{"self":[{"href":"https:\/\/lafrettestudios.com\/index.php?rest_route=\/wp\/v2\/pages\/1091","targetHints":{"allow":["GET"]}}],"collection":[{"href":"https:\/\/lafrettestudios.com\/index.php?rest_route=\/wp\/v2\/pages"}],"about":[{"href":"https:\/\/lafrettestudios.com\/index.php?rest_route=\/wp\/v2\/types\/page"}],"author":[{"embeddable":true,"href":"https:\/\/lafrettestudios.com\/index.php?rest_route=\/wp\/v2\/users\/1"}],"replies":[{"embeddable":true,"href":"https:\/\/lafrettestudios.com\/index.php?rest_route=%2Fwp%2Fv2%2Fcomments&post=1091"}],"version-history":[{"count":5,"href":"https:\/\/lafrettestudios.com\/index.php?rest_route=\/wp\/v2\/pages\/1091\/revisions"}],"predecessor-version":[{"id":1108,"href":"https:\/\/lafrettestudios.com\/index.php?rest_route=\/wp\/v2\/pages\/1091\/revisions\/1108"}],"wp:attachment":[{"href":"https:\/\/lafrettestudios.com\/index.php?rest_route=%2Fwp%2Fv2%2Fmedia&parent=1091"}],"curies":[{"name":"wp","href":"https:\/\/api.w.org\/{rel}","templated":true}]}}