{"id":1085,"date":"2025-12-02T11:25:25","date_gmt":"2025-12-02T10:25:25","guid":{"rendered":"https:\/\/lafrettestudios.com\/?page_id=1085"},"modified":"2025-12-02T11:55:00","modified_gmt":"2025-12-02T10:55:00","slug":"politique-de-confidentialite","status":"publish","type":"page","link":"https:\/\/lafrettestudios.com\/?page_id=1085","title":{"rendered":"Privacy Policy"},"content":{"rendered":"<p>[et_pb_section fb_built=&#8221;1&#8243; _builder_version=&#8221;4.27.4&#8243; background_color=&#8221;gcid-6d695968-cf70-431c-bb44-f690eb33122d&#8221; background_image=&#8221;https:\/\/lafrettestudios.com\/wp-content\/uploads\/2025\/03\/AU-FG-Texture1-8K-scaled.jpg&#8221; custom_padding=&#8221;||0px|||&#8221; hover_enabled=&#8221;0&#8243; global_colors_info=&#8221;{%22gcid-6d695968-cf70-431c-bb44-f690eb33122d%22:%91%22background_color%22%93}&#8221; title_text=&#8221;AU-FG-Texture1-8K&#8221; background_size=&#8221;contain&#8221; background_repeat=&#8221;repeat&#8221; sticky_enabled=&#8221;0&#8243;][et_pb_row _builder_version=&#8221;4.27.4&#8243; _module_preset=&#8221;default&#8221; global_colors_info=&#8221;{}&#8221;][et_pb_column type=&#8221;4_4&#8243; _builder_version=&#8221;4.27.4&#8243; _module_preset=&#8221;default&#8221; global_colors_info=&#8221;{}&#8221;][et_pb_text _builder_version=&#8221;4.27.4&#8243; _module_preset=&#8221;default&#8221; global_colors_info=&#8221;{}&#8221;]<\/p>\n<h1><span style=\"color: #ffffff;\">Privacy Policy<\/span><\/h1>\n<p>[\/et_pb_text][\/et_pb_column][\/et_pb_row][et_pb_row _builder_version=&#8221;4.27.4&#8243; _module_preset=&#8221;default&#8221; custom_padding=&#8221;||65px|||&#8221; global_colors_info=&#8221;{}&#8221;][et_pb_column type=&#8221;4_4&#8243; _builder_version=&#8221;4.27.4&#8243; _module_preset=&#8221;default&#8221; global_colors_info=&#8221;{}&#8221;][et_pb_text _builder_version=&#8221;4.27.4&#8243; _module_preset=&#8221;default&#8221; global_colors_info=&#8221;{}&#8221;]<\/p>\n<p style=\"text-align: justify;\"><span style=\"color: #ffffff;\">The purpose of this Privacy Policy (the \u201cCharter\u201d) is to formalise our commitment to respect the privacy of the users of the website https:\/\/lafrettestudios.com\/ (the \u201cSite\u201c) operated by La Frette Studios.<\/span><\/p>\n<p style=\"text-align: justify;\">\u00a0<span style=\"color: #ffffff;\">The Charter and the General Conditions of the Site form a contractual whole. All capitalized terms not defined in this Charter are defined in the General Terms and Conditions available here: <a href=\"https:\/\/lafrettestudios.com\/terms-of-service\">https:\/\/lafrettestudios.com\/terms-of-service<\/a>.<\/span><\/p>\n<p style=\"text-align: justify;\"><span style=\"color: #ffffff;\">In connection with the provision of our Site, we process your personal data in compliance with the General Data Protection Regulation 2016\/679 of 27 April 2016 (\u201cGDPR\u201d) and under the conditions set out below.<\/span><\/p>\n<p style=\"text-align: justify;\"><span style=\"color: #ffffff;\">Personal data means any information relating to an identified or identifiable natural person. We collect and process personal data in connection with the provision of our Services or the communication of such Services exclusively, in strict accordance with the GDPR.<\/span><\/p>\n<p style=\"text-align: justify;\"><span style=\"color: #ffffff;\">We collect only personal data that are adequate, relevant and limited to what is necessary for the purposes for which they are processed. Thus, you will never be asked to provide personal data considered \u201csensitive\u201d, such as your racial or ethnic origins, your political opinions, philosophical or religious.<\/span><\/p>\n<p style=\"text-align: justify;\"><span style=\"color: #ffffff;\">By registering on the Site, you authorize us to process your personal data in accordance with the Charter. If you refuse the terms of this Charter, please refrain from using the Site and the Services.<\/span><\/p>\n<p style=\"text-align: justify;\"><span style=\"color: #ffffff;\"><\/span><\/p>\n<p style=\"text-align: justify;\"><span style=\"color: #ffffff;\">Fran\u00e7ais :<\/span><\/p>\n<p style=\"text-align: justify;\"><span style=\"color: #ffffff; font-size: 16px;\">La pr\u00e9sente charte sur le respect de la vie priv\u00e9e (la \u00ab Charte \u00bb) a pour objectif de formaliser notre engagement quant au respect de la vie priv\u00e9e des utilisateurs du site internet https:\/\/lafrettestudios.com\/ (le \u00ab Site \u00bb) exploit\u00e9 par La Frette Studios.<\/span><\/p>\n<p style=\"text-align: justify;\"><span style=\"color: #ffffff;\">La Charte et les Conditions G\u00e9n\u00e9rales du Site forment un ensemble contractuel. Tous les termes en majuscules non-d\u00e9finis dans la pr\u00e9sente Charte sont d\u00e9finis dans les Conditions G\u00e9n\u00e9rales consultables ici : <a href=\"https:\/\/lafrettestudios.com\/terms-of-service\">https:\/\/lafrettestudios.com\/terms-of-service<\/a>.<\/span><\/p>\n<p style=\"text-align: justify;\"><span style=\"color: #ffffff;\">Dans le cadre de la mise \u00e0 disposition de notre Site, nous traitons vos donn\u00e9es \u00e0 caract\u00e8re personnel dans le respect du R\u00e8glement G\u00e9n\u00e9ral sur la Protection des Donn\u00e9es 2016\/679 du 27 avril 2016 (\u00ab RGPD \u00bb) et dans les conditions expos\u00e9es ci-apr\u00e8s.<\/span><br \/><span style=\"color: #ffffff;\">Une donn\u00e9e \u00e0 caract\u00e8re personnel d\u00e9signe toute information se rapportant \u00e0 une personne physique identifi\u00e9e ou identifiable. Nous collectons et traitons des donn\u00e9es \u00e0 caract\u00e8re personnel dans le cadre de la fourniture de nos Services ou de la communication \u00e0 propose de ces Services exclusivement, en stricte conformit\u00e9 avec le RGPD.<\/span><\/p>\n<p style=\"text-align: justify;\"><span style=\"color: #ffffff;\">Nous collectons uniquement des donn\u00e9es \u00e0 caract\u00e8re personnel ad\u00e9quates, pertinentes et limit\u00e9es \u00e0 ce qui est n\u00e9cessaire au regard des finalit\u00e9s pour lesquelles elles sont trait\u00e9es. Ainsi, il ne vous sera jamais demand\u00e9 de renseigner des donn\u00e9es \u00e0 caract\u00e8re personnel consid\u00e9r\u00e9es comme \u00ab sensibles \u00bb, telles que vos origines raciales ou ethniques, vos opinions politiques, philosophiques ou religieuses.<\/span><\/p>\n<p style=\"text-align: justify;\"><span style=\"color: #ffffff;\">En vous enregistrant sur le Site, vous nous autorisez \u00e0 traiter vos donn\u00e9es \u00e0 caract\u00e8re personnel conform\u00e9ment \u00e0 la Charte. Si vous refusez les termes de cette Charte, veuillez-vous abstenir d\u2019utiliser le Site ainsi que les Services.<\/span><\/p>\n<p>[\/et_pb_text][\/et_pb_column][\/et_pb_row][\/et_pb_section]<\/p>\n","protected":false},"excerpt":{"rendered":"<p>Privacy PolicyThe purpose of this Privacy Policy (the \u201cCharter\u201d) is to formalise our commitment to respect the privacy of the users of the website https:\/\/lafrettestudios.com\/ (the \u201cSite\u201c) operated by La Frette Studios. \u00a0The Charter and the General Conditions of the Site form a contractual whole. All capitalized terms not defined in this Charter are defined [&hellip;]<\/p>\n","protected":false},"author":1,"featured_media":0,"parent":0,"menu_order":0,"comment_status":"closed","ping_status":"closed","template":"","meta":{"_et_pb_use_builder":"on","_et_pb_old_content":"<!-- wp:paragraph -->\n<p>The purpose of this Privacy Policy (the \u201cCharter\u201d) is to formalise our commitment to respect the privacy of the users of the website https:\/\/lafrettestudios.com\/ (the \u201cSite\u201c) operated by La Frette Studios.<\/p>\n<!-- \/wp:paragraph -->\n\n<!-- wp:paragraph -->\n<p>The Charter and the General Conditions of the Site form a contractual whole. All capitalized terms not defined in this Charter are defined in the General Terms and Conditions available here: https:\/\/lafrettestudios.com\/terms-of-service.<\/p>\n<!-- \/wp:paragraph -->\n\n<!-- wp:paragraph -->\n<p>In connection with the provision of our Site, we process your personal data in compliance with the General Data Protection Regulation 2016\/679 of 27 April 2016 (\u201cGDPR\u201d) and under the conditions set out below.<\/p>\n<!-- \/wp:paragraph -->\n\n<!-- wp:paragraph -->\n<p>Personal data means any information relating to an identified or identifiable natural person. We collect and process personal data in connection with the provision of our Services or the communication of such Services exclusively, in strict accordance with the GDPR.<\/p>\n<!-- \/wp:paragraph -->\n\n<!-- wp:paragraph -->\n<p>We collect only personal data that are adequate, relevant and limited to what is necessary for the purposes for which they are processed. Thus, you will never be asked to provide personal data considered \u201csensitive\u201d, such as your racial or ethnic origins, your political opinions, philosophical or religious.<\/p>\n<!-- \/wp:paragraph -->\n\n<!-- wp:paragraph -->\n<p>By registering on the Site, you authorize us to process your personal data in accordance with the Charter. If you refuse the terms of this Charter, please refrain from using the Site and the Services.<\/p>\n<!-- \/wp:paragraph -->\n\n<!-- wp:heading -->\n<h2 class=\"wp-block-heading\">Fran\u00e7ais<\/h2>\n<!-- \/wp:heading -->\n\n<!-- wp:paragraph -->\n<p>La pr\u00e9sente charte sur le respect de la vie priv\u00e9e (la \u00ab Charte \u00bb) a pour objectif de formaliser notre engagement quant au respect de la vie priv\u00e9e des utilisateurs du site internet https:\/\/lafrettestudios.com\/ (le \u00ab Site \u00bb) exploit\u00e9 par La Frette Studios.<\/p>\n<!-- \/wp:paragraph -->\n\n<!-- wp:paragraph -->\n<p>La Charte et les Conditions G\u00e9n\u00e9rales du Site forment un ensemble contractuel. Tous les termes en majuscules non-d\u00e9finis dans la pr\u00e9sente Charte sont d\u00e9finis dans les Conditions G\u00e9n\u00e9rales consultables ici : https:\/\/lafrettestudios.com\/terms-of-service.<\/p>\n<!-- \/wp:paragraph -->\n\n<!-- wp:paragraph -->\n<p>Dans le cadre de la mise \u00e0 disposition de notre Site, nous traitons vos donn\u00e9es \u00e0 caract\u00e8re personnel dans le respect du R\u00e8glement G\u00e9n\u00e9ral sur la Protection des Donn\u00e9es 2016\/679 du 27 avril 2016 (\u00ab RGPD \u00bb) et dans les conditions expos\u00e9es ci-apr\u00e8s.<br>Une donn\u00e9e \u00e0 caract\u00e8re personnel d\u00e9signe toute information se rapportant \u00e0 une personne physique identifi\u00e9e ou identifiable. Nous collectons et traitons des donn\u00e9es \u00e0 caract\u00e8re personnel dans le cadre de la fourniture de nos Services ou de la communication \u00e0 propose de ces Services exclusivement, en stricte conformit\u00e9 avec le RGPD.<\/p>\n<!-- \/wp:paragraph -->\n\n<!-- wp:paragraph -->\n<p>Nous collectons uniquement des donn\u00e9es \u00e0 caract\u00e8re personnel ad\u00e9quates, pertinentes et limit\u00e9es \u00e0 ce qui est n\u00e9cessaire au regard des finalit\u00e9s pour lesquelles elles sont trait\u00e9es. Ainsi, il ne vous sera jamais demand\u00e9 de renseigner des donn\u00e9es \u00e0 caract\u00e8re personnel consid\u00e9r\u00e9es comme \u00ab sensibles \u00bb, telles que vos origines raciales ou ethniques, vos opinions politiques, philosophiques ou religieuses.<\/p>\n<!-- \/wp:paragraph -->\n\n<!-- wp:paragraph -->\n<p>En vous enregistrant sur le Site, vous nous autorisez \u00e0 traiter vos donn\u00e9es \u00e0 caract\u00e8re personnel conform\u00e9ment \u00e0 la Charte. Si vous refusez les termes de cette Charte, veuillez-vous abstenir d\u2019utiliser le Site ainsi que les Services.<\/p>\n<!-- \/wp:paragraph -->","_et_gb_content_width":"","footnotes":""},"class_list":["post-1085","page","type-page","status-publish","hentry"],"_links":{"self":[{"href":"https:\/\/lafrettestudios.com\/index.php?rest_route=\/wp\/v2\/pages\/1085","targetHints":{"allow":["GET"]}}],"collection":[{"href":"https:\/\/lafrettestudios.com\/index.php?rest_route=\/wp\/v2\/pages"}],"about":[{"href":"https:\/\/lafrettestudios.com\/index.php?rest_route=\/wp\/v2\/types\/page"}],"author":[{"embeddable":true,"href":"https:\/\/lafrettestudios.com\/index.php?rest_route=\/wp\/v2\/users\/1"}],"replies":[{"embeddable":true,"href":"https:\/\/lafrettestudios.com\/index.php?rest_route=%2Fwp%2Fv2%2Fcomments&post=1085"}],"version-history":[{"count":5,"href":"https:\/\/lafrettestudios.com\/index.php?rest_route=\/wp\/v2\/pages\/1085\/revisions"}],"predecessor-version":[{"id":1109,"href":"https:\/\/lafrettestudios.com\/index.php?rest_route=\/wp\/v2\/pages\/1085\/revisions\/1109"}],"wp:attachment":[{"href":"https:\/\/lafrettestudios.com\/index.php?rest_route=%2Fwp%2Fv2%2Fmedia&parent=1085"}],"curies":[{"name":"wp","href":"https:\/\/api.w.org\/{rel}","templated":true}]}}